{"id":62,"date":"2019-09-09T13:52:41","date_gmt":"2019-09-09T11:52:41","guid":{"rendered":"https:\/\/workertm.com\/wp\/tractour\/?page_id=62"},"modified":"2023-11-07T22:21:30","modified_gmt":"2023-11-08T04:21:30","slug":"servicios","status":"publish","type":"page","link":"https:\/\/aexco.com.gt\/a\/servicios\/","title":{"rendered":"Nuestros Servicios"},"content":{"rendered":"\t\t<div data-elementor-type=\"wp-page\" data-elementor-id=\"62\" class=\"elementor elementor-62\">\n\t\t\t\t\t\t<section class=\"elementor-section elementor-top-section elementor-element elementor-element-9158dc4 elementor-section-boxed elementor-section-height-default elementor-section-height-default\" data-id=\"9158dc4\" data-element_type=\"section\" data-e-type=\"section\">\n\t\t\t\t\t\t<div class=\"elementor-container elementor-column-gap-default\">\n\t\t\t\t\t<div class=\"elementor-column elementor-col-100 elementor-top-column elementor-element elementor-element-31b04b0\" data-id=\"31b04b0\" data-element_type=\"column\" data-e-type=\"column\">\n\t\t\t<div class=\"elementor-widget-wrap elementor-element-populated\">\n\t\t\t\t\t\t<div class=\"elementor-element elementor-element-0a68a29 elementor-widget elementor-widget-tractour-comon-section-title\" data-id=\"0a68a29\" data-element_type=\"widget\" data-e-type=\"widget\" data-widget_type=\"tractour-comon-section-title.default\">\n\t\t\t\t<div class=\"elementor-widget-container\">\n\t\t\t\t\t        \n\t\t<!-- Tractour Section Title Area Stat -->\n        <div class=\"section-title\">\n                        <h2>Servicios<\/h2>\n                        <span><img decoding=\"async\" src=\"https:\/\/aexco.com.gt\/a\/wp-content\/uploads\/2020\/11\/Sistema-1.png\" ><\/span>\n                        <p>Cultivamos el valor de la responsabilidad, integridad y cooperaci\u00f3n, mantenemos una estrecha relaci\u00f3n con nuestros clientes y socios comerciales, basada en la confianza y la lealtad.\n\nBuscamos siempre la satisfacci\u00f3n, ofreciendo productos y servicios de acuerdo a las necesidades, con valores agregados y \u00fanicos beneficios<\/p>\n                    <\/div>\n        <!-- Tractour Section Title Area End -->\n    \n        \t\t\t\t<\/div>\n\t\t\t\t<\/div>\n\t\t\t\t\t<\/div>\n\t\t<\/div>\n\t\t\t\t\t<\/div>\n\t\t<\/section>\n\t\t\t\t<section class=\"elementor-section elementor-top-section elementor-element elementor-element-ee0c767 elementor-section-boxed elementor-section-height-default elementor-section-height-default\" data-id=\"ee0c767\" data-element_type=\"section\" data-e-type=\"section\" data-settings=\"{&quot;background_background&quot;:&quot;classic&quot;}\">\n\t\t\t\t\t\t<div class=\"elementor-container elementor-column-gap-default\">\n\t\t\t\t\t<div class=\"elementor-column elementor-col-33 elementor-top-column elementor-element elementor-element-9ccaaff\" data-id=\"9ccaaff\" data-element_type=\"column\" data-e-type=\"column\">\n\t\t\t<div class=\"elementor-widget-wrap elementor-element-populated\">\n\t\t\t\t\t\t<div class=\"elementor-element elementor-element-56e0ce4 elementor-widget elementor-widget-tractour-blocks-services\" data-id=\"56e0ce4\" data-element_type=\"widget\" data-e-type=\"widget\" data-widget_type=\"tractour-blocks-services.default\">\n\t\t\t\t<div class=\"elementor-widget-container\">\n\t\t\t\t\t        \n\t\t<!-- blocks services area stat -->\n        <div class=\"blocks-services-area wow fadeInUp\">\n                        <div class=\"single-blocks-services\">\n                            <div class=\"single-blocks-img\">\n                                <img decoding=\"async\" src=\"https:\/\/aexco.com.gt\/a\/wp-content\/uploads\/2020\/11\/DSC_1560-scaled.jpg\" class=\"img-fluid\" \/>\n                            <\/div>\n                            <h3>Acero Inoxidable<\/h3>\n                            <p>Servicios en Sistemas de Ventilaci\u00f3n, Extracci\u00f3n e Inyecci\u00f3n.\n\nFabricaci\u00f3n de muebles en acero inoxidable en el \u00e1rea de lavado, \u00e1rea de cocci\u00f3n y dise\u00f1o de cocinas.<\/p>\n\t\n\t<a href=\"\" target=\"_blank\" rel=\"nofollow\"\"  class=\"btn btn-type-6\"><i class=\"\"><\/i><\/a>\n\t\n                        <\/div>\n        <\/div>\n        <!-- blocks services area end -->\n    \n        \t\t\t\t<\/div>\n\t\t\t\t<\/div>\n\t\t\t\t\t<\/div>\n\t\t<\/div>\n\t\t\t\t<div class=\"elementor-column elementor-col-33 elementor-top-column elementor-element elementor-element-b4da38f\" data-id=\"b4da38f\" data-element_type=\"column\" data-e-type=\"column\">\n\t\t\t<div class=\"elementor-widget-wrap elementor-element-populated\">\n\t\t\t\t\t\t<div class=\"elementor-element elementor-element-77c8332 elementor-widget elementor-widget-tractour-blocks-services\" data-id=\"77c8332\" data-element_type=\"widget\" data-e-type=\"widget\" data-widget_type=\"tractour-blocks-services.default\">\n\t\t\t\t<div class=\"elementor-widget-container\">\n\t\t\t\t\t        \n\t\t<!-- blocks services area stat -->\n        <div class=\"blocks-services-area wow fadeInUp\">\n                        <div class=\"single-blocks-services\">\n                            <div class=\"single-blocks-img\">\n                                <img decoding=\"async\" src=\"https:\/\/aexco.com.gt\/a\/wp-content\/uploads\/2020\/11\/2-1-scaled.jpg\" class=\"img-fluid\" \/>\n                            <\/div>\n                            <h3> madera y otros materiales<\/h3>\n                            <p>Fabricaci\u00f3n en madera y distintos materiales para restaurantes, hoteles, oficinas y Hogares.<\/p>\n\t\n\t<a href=\"\" target=\"_blank\" rel=\"nofollow\"\"  class=\"btn btn-type-6\"><i class=\"\"><\/i><\/a>\n\t\n                        <\/div>\n        <\/div>\n        <!-- blocks services area end -->\n    \n        \t\t\t\t<\/div>\n\t\t\t\t<\/div>\n\t\t\t\t\t<\/div>\n\t\t<\/div>\n\t\t\t\t<div class=\"elementor-column elementor-col-33 elementor-top-column elementor-element elementor-element-fbf0b47\" data-id=\"fbf0b47\" data-element_type=\"column\" data-e-type=\"column\">\n\t\t\t<div class=\"elementor-widget-wrap elementor-element-populated\">\n\t\t\t\t\t\t<div class=\"elementor-element elementor-element-2e6fe34 elementor-widget elementor-widget-tractour-blocks-services\" data-id=\"2e6fe34\" data-element_type=\"widget\" data-e-type=\"widget\" data-widget_type=\"tractour-blocks-services.default\">\n\t\t\t\t<div class=\"elementor-widget-container\">\n\t\t\t\t\t        \n\t\t<!-- blocks services area stat -->\n        <div class=\"blocks-services-area wow fadeInUp\">\n                        <div class=\"single-blocks-services\">\n                            <div class=\"single-blocks-img\">\n                                <img decoding=\"async\" src=\"https:\/\/aexco.com.gt\/a\/wp-content\/uploads\/2020\/11\/1-scaled.jpg\" class=\"img-fluid\" \/>\n                            <\/div>\n                            <h3>Mantenimiento<\/h3>\n                            <p>Servicio de mantenimiento previo y correctivo en piezas de acero inoxidable y todo el sistema (campanas, filtros, plenum, extractor y conductos).<\/p>\n\t\n\t<a href=\"\" target=\"_blank\" rel=\"nofollow\"\"  class=\"btn btn-type-6\"><i class=\"\"><\/i><\/a>\n\t\n                        <\/div>\n        <\/div>\n        <!-- blocks services area end -->\n    \n        \t\t\t\t<\/div>\n\t\t\t\t<\/div>\n\t\t\t\t\t<\/div>\n\t\t<\/div>\n\t\t\t\t\t<\/div>\n\t\t<\/section>\n\t\t\t\t<section class=\"elementor-section elementor-top-section elementor-element elementor-element-3bacadb elementor-section-stretched elementor-section-full_width elementor-section-height-default elementor-section-height-default\" data-id=\"3bacadb\" data-element_type=\"section\" data-e-type=\"section\" data-settings=\"{&quot;stretch_section&quot;:&quot;section-stretched&quot;,&quot;background_background&quot;:&quot;classic&quot;}\">\n\t\t\t\t\t\t<div class=\"elementor-container elementor-column-gap-default\">\n\t\t\t\t\t<div class=\"elementor-column elementor-col-25 elementor-top-column elementor-element elementor-element-f6bb136\" data-id=\"f6bb136\" data-element_type=\"column\" data-e-type=\"column\">\n\t\t\t<div class=\"elementor-widget-wrap elementor-element-populated\">\n\t\t\t\t\t\t<div class=\"elementor-element elementor-element-484acd0 elementor-widget elementor-widget-tractour-projects\" data-id=\"484acd0\" data-element_type=\"widget\" data-e-type=\"widget\" data-widget_type=\"tractour-projects.default\">\n\t\t\t\t<div class=\"elementor-widget-container\">\n\t\t\t\t\t        \n\t\t<!-- project area start -->\t\n        <div class=\"project-wraper\">\n                        <div class=\"single-project\">\n                            <img decoding=\"async\" src=\"https:\/\/aexco.com.gt\/a\/wp-content\/uploads\/2020\/11\/DSC_1555-scaled.jpg\" class=\"img-fluid\" \/>\n                            <div class=\"project-hvr\">\n                                <a href=\"\"\">\n                                    <h3>Acero Inoxidable<\/h3>\n                                <\/a>\n<a href=\"\"\"  class=\"btn btn-type-6\"><i class=\"\"><\/i><\/a>\n                            <\/div>\n                        <\/div>\n\n        <\/div>\n    <!-- project area end -->\n    \n        \t\t\t\t<\/div>\n\t\t\t\t<\/div>\n\t\t\t\t<div class=\"elementor-element elementor-element-250ea93 elementor-widget elementor-widget-tractour-projects\" data-id=\"250ea93\" data-element_type=\"widget\" data-e-type=\"widget\" data-widget_type=\"tractour-projects.default\">\n\t\t\t\t<div class=\"elementor-widget-container\">\n\t\t\t\t\t        \n\t\t<!-- project area start -->\t\n        <div class=\"project-wraper\">\n                        <div class=\"single-project\">\n                            <img decoding=\"async\" src=\"https:\/\/aexco.com.gt\/a\/wp-content\/uploads\/2020\/11\/DSC_1584-scaled.jpg\" class=\"img-fluid\" \/>\n                            <div class=\"project-hvr\">\n                                <a href=\"\"\">\n                                    <h3>Acero Inoxidable<\/h3>\n                                <\/a>\n<a href=\"\"\"  class=\"btn btn-type-6\"><i class=\"\"><\/i><\/a>\n                            <\/div>\n                        <\/div>\n\n        <\/div>\n    <!-- project area end -->\n    \n        \t\t\t\t<\/div>\n\t\t\t\t<\/div>\n\t\t\t\t<div class=\"elementor-element elementor-element-d2dd0ba elementor-widget elementor-widget-spacer\" data-id=\"d2dd0ba\" data-element_type=\"widget\" data-e-type=\"widget\" data-widget_type=\"spacer.default\">\n\t\t\t\t<div class=\"elementor-widget-container\">\n\t\t\t\t\t\t\t<div class=\"elementor-spacer\">\n\t\t\t<div class=\"elementor-spacer-inner\"><\/div>\n\t\t<\/div>\n\t\t\t\t\t\t<\/div>\n\t\t\t\t<\/div>\n\t\t\t\t\t<\/div>\n\t\t<\/div>\n\t\t\t\t<div class=\"elementor-column elementor-col-25 elementor-top-column elementor-element elementor-element-09bd8b6\" data-id=\"09bd8b6\" data-element_type=\"column\" data-e-type=\"column\">\n\t\t\t<div class=\"elementor-widget-wrap elementor-element-populated\">\n\t\t\t\t\t\t<div class=\"elementor-element elementor-element-21d0cd5 elementor-widget elementor-widget-tractour-projects\" data-id=\"21d0cd5\" data-element_type=\"widget\" data-e-type=\"widget\" data-widget_type=\"tractour-projects.default\">\n\t\t\t\t<div class=\"elementor-widget-container\">\n\t\t\t\t\t        \n\t\t<!-- project area start -->\t\n        <div class=\"project-wraper\">\n                        <div class=\"single-project\">\n                            <img decoding=\"async\" src=\"https:\/\/aexco.com.gt\/a\/wp-content\/uploads\/2020\/11\/mesa-scaled.jpg\" class=\"img-fluid\" \/>\n                            <div class=\"project-hvr\">\n                                <a href=\"\"\">\n                                    <h3>Otros Materiales<\/h3>\n                                <\/a>\n<a href=\"\"\"  class=\"btn btn-type-6\"><i class=\"\"><\/i><\/a>\n                            <\/div>\n                        <\/div>\n\n        <\/div>\n    <!-- project area end -->\n    \n        \t\t\t\t<\/div>\n\t\t\t\t<\/div>\n\t\t\t\t<div class=\"elementor-element elementor-element-4ab2d9e elementor-widget elementor-widget-tractour-projects\" data-id=\"4ab2d9e\" data-element_type=\"widget\" data-e-type=\"widget\" data-widget_type=\"tractour-projects.default\">\n\t\t\t\t<div class=\"elementor-widget-container\">\n\t\t\t\t\t        \n\t\t<!-- project area start -->\t\n        <div class=\"project-wraper\">\n                        <div class=\"single-project\">\n                            <img decoding=\"async\" src=\"https:\/\/aexco.com.gt\/a\/wp-content\/uploads\/2020\/11\/2-1-scaled.jpg\" class=\"img-fluid\" \/>\n                            <div class=\"project-hvr\">\n                                <a href=\"\"\">\n                                    <h3>Otros Materiales<\/h3>\n                                <\/a>\n<a href=\"\"\"  class=\"btn btn-type-6\"><i class=\"\"><\/i><\/a>\n                            <\/div>\n                        <\/div>\n\n        <\/div>\n    <!-- project area end -->\n    \n        \t\t\t\t<\/div>\n\t\t\t\t<\/div>\n\t\t\t\t\t<\/div>\n\t\t<\/div>\n\t\t\t\t<div class=\"elementor-column elementor-col-25 elementor-top-column elementor-element elementor-element-1080072\" data-id=\"1080072\" data-element_type=\"column\" data-e-type=\"column\">\n\t\t\t<div class=\"elementor-widget-wrap elementor-element-populated\">\n\t\t\t\t\t\t<div class=\"elementor-element elementor-element-c23477e elementor-widget elementor-widget-tractour-projects\" data-id=\"c23477e\" data-element_type=\"widget\" data-e-type=\"widget\" data-widget_type=\"tractour-projects.default\">\n\t\t\t\t<div class=\"elementor-widget-container\">\n\t\t\t\t\t        \n\t\t<!-- project area start -->\t\n        <div class=\"project-wraper\">\n                        <div class=\"single-project\">\n                            <img decoding=\"async\" src=\"https:\/\/aexco.com.gt\/a\/wp-content\/uploads\/2020\/11\/21.png\" class=\"img-fluid\" \/>\n                            <div class=\"project-hvr\">\n                                <a href=\"\"\">\n                                    <h3>Mantenimiento<\/h3>\n                                <\/a>\n<a href=\"\"\"  class=\"btn btn-type-6\"><i class=\"\"><\/i><\/a>\n                            <\/div>\n                        <\/div>\n\n        <\/div>\n    <!-- project area end -->\n    \n        \t\t\t\t<\/div>\n\t\t\t\t<\/div>\n\t\t\t\t<div class=\"elementor-element elementor-element-02c72de elementor-widget elementor-widget-tractour-projects\" data-id=\"02c72de\" data-element_type=\"widget\" data-e-type=\"widget\" data-widget_type=\"tractour-projects.default\">\n\t\t\t\t<div class=\"elementor-widget-container\">\n\t\t\t\t\t        \n\t\t<!-- project area start -->\t\n        <div class=\"project-wraper\">\n                        <div class=\"single-project\">\n                            <img decoding=\"async\" src=\"https:\/\/aexco.com.gt\/a\/wp-content\/uploads\/2020\/11\/2-1.png\" class=\"img-fluid\" \/>\n                            <div class=\"project-hvr\">\n                                <a href=\"\"\">\n                                    <h3>Mantenimiento<\/h3>\n                                <\/a>\n<a href=\"\"\"  class=\"btn btn-type-6\"><i class=\"\"><\/i><\/a>\n                            <\/div>\n                        <\/div>\n\n        <\/div>\n    <!-- project area end -->\n    \n        \t\t\t\t<\/div>\n\t\t\t\t<\/div>\n\t\t\t\t\t<\/div>\n\t\t<\/div>\n\t\t\t\t<div class=\"elementor-column elementor-col-25 elementor-top-column elementor-element elementor-element-213647e\" data-id=\"213647e\" data-element_type=\"column\" data-e-type=\"column\">\n\t\t\t<div class=\"elementor-widget-wrap elementor-element-populated\">\n\t\t\t\t\t\t<div class=\"elementor-element elementor-element-f360502 elementor-widget elementor-widget-tractour-projects\" data-id=\"f360502\" data-element_type=\"widget\" data-e-type=\"widget\" data-widget_type=\"tractour-projects.default\">\n\t\t\t\t<div class=\"elementor-widget-container\">\n\t\t\t\t\t        \n\t\t<!-- project area start -->\t\n        <div class=\"project-wraper\">\n                        <div class=\"single-project\">\n                            <img decoding=\"async\" src=\"https:\/\/aexco.com.gt\/a\/wp-content\/uploads\/2020\/11\/DSC_1554-scaled.jpg\" class=\"img-fluid\" \/>\n                            <div class=\"project-hvr\">\n                                <a href=\"\"\">\n                                    <h3>Acero Inoxidable<\/h3>\n                                <\/a>\n<a href=\"\"\"  class=\"btn btn-type-6\"><i class=\"\"><\/i><\/a>\n                            <\/div>\n                        <\/div>\n\n        <\/div>\n    <!-- project area end -->\n    \n        \t\t\t\t<\/div>\n\t\t\t\t<\/div>\n\t\t\t\t<div class=\"elementor-element elementor-element-b153a99 elementor-widget elementor-widget-tractour-projects\" data-id=\"b153a99\" data-element_type=\"widget\" data-e-type=\"widget\" data-widget_type=\"tractour-projects.default\">\n\t\t\t\t<div class=\"elementor-widget-container\">\n\t\t\t\t\t        \n\t\t<!-- project area start -->\t\n        <div class=\"project-wraper\">\n                        <div class=\"single-project\">\n                            <img decoding=\"async\" src=\"https:\/\/aexco.com.gt\/a\/wp-content\/uploads\/2020\/11\/DSC_1594-scaled.jpg\" class=\"img-fluid\" \/>\n                            <div class=\"project-hvr\">\n                                <a href=\"\"\">\n                                    <h3>Acero Inoxidable<\/h3>\n                                <\/a>\n<a href=\"\"\"  class=\"btn btn-type-6\"><i class=\"\"><\/i><\/a>\n                            <\/div>\n                        <\/div>\n\n        <\/div>\n    <!-- project area end -->\n    \n        \t\t\t\t<\/div>\n\t\t\t\t<\/div>\n\t\t\t\t\t<\/div>\n\t\t<\/div>\n\t\t\t\t\t<\/div>\n\t\t<\/section>\n\t\t\t\t<\/div>\n\t\t","protected":false},"excerpt":{"rendered":"<p>Servicios Cultivamos el valor de la responsabilidad, integridad y cooperaci\u00f3n, mantenemos una estrecha relaci\u00f3n con nuestros clientes y socios comerciales, basada en la confianza y la lealtad. Buscamos siempre la satisfacci\u00f3n, ofreciendo productos y servicios de acuerdo a las necesidades, con valores agregados y \u00fanicos beneficios Acero Inoxidable Servicios en Sistemas de Ventilaci\u00f3n, Extracci\u00f3n e [&hellip;]<\/p>\n","protected":false},"author":1,"featured_media":0,"parent":0,"menu_order":0,"comment_status":"closed","ping_status":"closed","template":"elementor_header_footer","meta":{"om_disable_all_campaigns":false,"_monsterinsights_skip_tracking":false,"_monsterinsights_sitenote_active":false,"_monsterinsights_sitenote_note":"","_monsterinsights_sitenote_category":0,"footnotes":""},"class_list":["post-62","page","type-page","status-publish","hentry"],"aioseo_notices":[],"_links":{"self":[{"href":"https:\/\/aexco.com.gt\/a\/wp-json\/wp\/v2\/pages\/62","targetHints":{"allow":["GET"]}}],"collection":[{"href":"https:\/\/aexco.com.gt\/a\/wp-json\/wp\/v2\/pages"}],"about":[{"href":"https:\/\/aexco.com.gt\/a\/wp-json\/wp\/v2\/types\/page"}],"author":[{"embeddable":true,"href":"https:\/\/aexco.com.gt\/a\/wp-json\/wp\/v2\/users\/1"}],"replies":[{"embeddable":true,"href":"https:\/\/aexco.com.gt\/a\/wp-json\/wp\/v2\/comments?post=62"}],"version-history":[{"count":34,"href":"https:\/\/aexco.com.gt\/a\/wp-json\/wp\/v2\/pages\/62\/revisions"}],"predecessor-version":[{"id":1869,"href":"https:\/\/aexco.com.gt\/a\/wp-json\/wp\/v2\/pages\/62\/revisions\/1869"}],"wp:attachment":[{"href":"https:\/\/aexco.com.gt\/a\/wp-json\/wp\/v2\/media?parent=62"}],"curies":[{"name":"wp","href":"https:\/\/api.w.org\/{rel}","templated":true}]}}