{"id":61,"date":"2019-09-09T13:53:23","date_gmt":"2019-09-09T11:53:23","guid":{"rendered":"https:\/\/workertm.com\/wp\/tractour\/?page_id=61"},"modified":"2023-11-07T22:21:44","modified_gmt":"2023-11-08T04:21:44","slug":"contactanos","status":"publish","type":"page","link":"https:\/\/aexco.com.gt\/a\/contactanos\/","title":{"rendered":"Contactanos"},"content":{"rendered":"\t\t<div data-elementor-type=\"wp-page\" data-elementor-id=\"61\" class=\"elementor elementor-61\">\n\t\t\t\t\t\t<section class=\"elementor-section elementor-top-section elementor-element elementor-element-b1c7dd3 elementor-section-boxed elementor-section-height-default elementor-section-height-default\" data-id=\"b1c7dd3\" data-element_type=\"section\" data-e-type=\"section\">\n\t\t\t\t\t\t<div class=\"elementor-container elementor-column-gap-default\">\n\t\t\t\t\t<div class=\"elementor-column elementor-col-50 elementor-top-column elementor-element elementor-element-2b1feaa\" data-id=\"2b1feaa\" data-element_type=\"column\" data-e-type=\"column\">\n\t\t\t<div class=\"elementor-widget-wrap elementor-element-populated\">\n\t\t\t\t\t\t<div class=\"elementor-element elementor-element-28c9be8 elementor-widget elementor-widget-google_maps\" data-id=\"28c9be8\" data-element_type=\"widget\" data-e-type=\"widget\" data-widget_type=\"google_maps.default\">\n\t\t\t\t<div class=\"elementor-widget-container\">\n\t\t\t\t\t\t\t<div class=\"elementor-custom-embed\">\n\t\t\t<iframe loading=\"lazy\"\n\t\t\t\t\tsrc=\"https:\/\/maps.google.com\/maps?q=Aexco%2C%20Col%20Alvarado%2C%209%20Avenida%2C%20Guatemala%20City&#038;t=m&#038;z=15&#038;output=embed&#038;iwloc=near\"\n\t\t\t\t\ttitle=\"Aexco, Col Alvarado, 9 Avenida, Guatemala City\"\n\t\t\t\t\taria-label=\"Aexco, Col Alvarado, 9 Avenida, Guatemala City\"\n\t\t\t><\/iframe>\n\t\t<\/div>\n\t\t\t\t\t\t<\/div>\n\t\t\t\t<\/div>\n\t\t\t\t\t<\/div>\n\t\t<\/div>\n\t\t\t\t<div class=\"elementor-column elementor-col-50 elementor-top-column elementor-element elementor-element-07420f5\" data-id=\"07420f5\" data-element_type=\"column\" data-e-type=\"column\">\n\t\t\t<div class=\"elementor-widget-wrap elementor-element-populated\">\n\t\t\t\t\t\t<div class=\"elementor-element elementor-element-dce706d elementor-widget elementor-widget-tractour-contact-info-wedget\" data-id=\"dce706d\" data-element_type=\"widget\" data-e-type=\"widget\" data-widget_type=\"tractour-contact-info-wedget.default\">\n\t\t\t\t<div class=\"elementor-widget-container\">\n\t\t\t\t\t        \n\t\t    <!-- contact us area start -->\n                    <div class=\"contact-info-detail\">\n                        <h2>M\u00e1s informaci\u00f3n<\/h2>\n                            <p><p>Tambi\u00e9n puedes buscarnos en nuestras redes sociales<\/p><\/p>\n                        <ul class=\"contact-text-info\">\n                            <li>\n                                <strong><span><i class=\"fa fa-map\"><\/i><\/span> Direcci\u00f3n<\/strong>\n                                <p><p>30 avenida 9-26 zona 7 Kaminal Juyu I<\/p><\/p>\n                            <\/li>\n\t\t\t\t\t\t\t\n                            <li>\n                                <strong><span><i class=\"fa fa-envelope\"><\/i><\/span> Email<\/strong>\n                                <p><div><div class=\"dwo3fsh8 g5ia77u1 rt8b4zig n8ej3o3l agehan2d sk4xxmp2 rq0escxv q9uorilb kvgmc6g5 cxmmr5t8 oygrvhab hcukyx3x jb3vyjys rz4wbd8a qt6c0cv9 a8nywdso l9j0dhe7 i1ao9s8h k4urcfbm\"><div class=\"j83agx80 cbu4d94t sj5x9vvc cxgpxx05\"><div class=\"rq0escxv l9j0dhe7 du4w35lb j83agx80 pfnyh3mw jifvfom9 ll8tlv6m owycx6da btwxx1t3 hv4rvrfc dati1w0a jb3vyjys b5q2rw42 lq239pai mysgfdmx hddg9phg\"><div class=\"rq0escxv l9j0dhe7 du4w35lb j83agx80 cbu4d94t g5gj957u d2edcug0 hpfvmrgz rj1gh0hx buofh1pr o8rfisnq p8fzw8mz pcp91wgn iuny7tx3 ipjc6fyt\"><div class=\"j83agx80 cbu4d94t ew0dbk1b irj2b8pg\"><div class=\"qzhwtbm6 knvmm38d\"><span class=\"d2edcug0 hpfvmrgz qv66sw1b c1et5uql rrkovp55 a8c37x1j keod5gw0 nxhoafnm aigsh9s9 d3f4x2em fe6kdd0r mau55g9w c8b282yb iv3no6db jq4qci2q a3bd9o3v knj5qynh oo9gr5id hzawbc8m\" dir=\"auto\"><span class=\"d2edcug0 hpfvmrgz qv66sw1b c1et5uql rrkovp55 jq4qci2q a3bd9o3v knj5qynh py34i1dx\">info@aexco.com.gt<\/span><\/span><\/div><\/div><\/div><\/div><\/div><\/div><\/div><\/p>\n                            <\/li>\n\t\t\t\t\t\t\t\n                            <li>\n                                <strong><span><i class=\"fa fa-phone\"><\/i><\/span> Telefono<\/strong>\n                                <p><p>+502 2472-8075<\/p><p>+502 2472-8076<\/p><p>+502 2474-1852<\/p><\/p>\n                            <\/li>\n                        <\/ul>\n                    <\/div>\n    <!-- contact us area end -->\n    \n        \t\t\t\t<\/div>\n\t\t\t\t<\/div>\n\t\t\t\t\t<\/div>\n\t\t<\/div>\n\t\t\t\t\t<\/div>\n\t\t<\/section>\n\t\t\t\t<\/div>\n\t\t","protected":false},"excerpt":{"rendered":"<p>M\u00e1s informaci\u00f3n Tambi\u00e9n puedes buscarnos en nuestras redes sociales Direcci\u00f3n 30 avenida 9-26 zona 7 Kaminal Juyu I Email info@aexco.com.gt Telefono +502 2472-8075 +502 2472-8076 +502 2474-1852<\/p>\n","protected":false},"author":1,"featured_media":0,"parent":0,"menu_order":0,"comment_status":"closed","ping_status":"closed","template":"elementor_header_footer","meta":{"om_disable_all_campaigns":false,"_monsterinsights_skip_tracking":false,"_monsterinsights_sitenote_active":false,"_monsterinsights_sitenote_note":"","_monsterinsights_sitenote_category":0,"footnotes":""},"class_list":["post-61","page","type-page","status-publish","hentry"],"aioseo_notices":[],"_links":{"self":[{"href":"https:\/\/aexco.com.gt\/a\/wp-json\/wp\/v2\/pages\/61","targetHints":{"allow":["GET"]}}],"collection":[{"href":"https:\/\/aexco.com.gt\/a\/wp-json\/wp\/v2\/pages"}],"about":[{"href":"https:\/\/aexco.com.gt\/a\/wp-json\/wp\/v2\/types\/page"}],"author":[{"embeddable":true,"href":"https:\/\/aexco.com.gt\/a\/wp-json\/wp\/v2\/users\/1"}],"replies":[{"embeddable":true,"href":"https:\/\/aexco.com.gt\/a\/wp-json\/wp\/v2\/comments?post=61"}],"version-history":[{"count":60,"href":"https:\/\/aexco.com.gt\/a\/wp-json\/wp\/v2\/pages\/61\/revisions"}],"predecessor-version":[{"id":1872,"href":"https:\/\/aexco.com.gt\/a\/wp-json\/wp\/v2\/pages\/61\/revisions\/1872"}],"wp:attachment":[{"href":"https:\/\/aexco.com.gt\/a\/wp-json\/wp\/v2\/media?parent=61"}],"curies":[{"name":"wp","href":"https:\/\/api.w.org\/{rel}","templated":true}]}}