{"id":54,"date":"2019-09-09T13:51:16","date_gmt":"2019-09-09T11:51:16","guid":{"rendered":"https:\/\/workertm.com\/wp\/tractour\/?page_id=54"},"modified":"2022-07-10T00:37:04","modified_gmt":"2022-07-10T06:37:04","slug":"nosotros","status":"publish","type":"page","link":"https:\/\/aexco.com.gt\/a\/nosotros\/","title":{"rendered":"Sobre Nosotros"},"content":{"rendered":"\t\t<div data-elementor-type=\"wp-page\" data-elementor-id=\"54\" class=\"elementor elementor-54\">\n\t\t\t\t\t\t<section class=\"elementor-section elementor-top-section elementor-element elementor-element-d928e58 elementor-section-boxed elementor-section-height-default elementor-section-height-default\" data-id=\"d928e58\" data-element_type=\"section\" data-e-type=\"section\">\n\t\t\t\t\t\t<div class=\"elementor-container elementor-column-gap-default\">\n\t\t\t\t\t<div class=\"elementor-column elementor-col-100 elementor-top-column elementor-element elementor-element-01f0fb6\" data-id=\"01f0fb6\" data-element_type=\"column\" data-e-type=\"column\">\n\t\t\t<div class=\"elementor-widget-wrap elementor-element-populated\">\n\t\t\t\t\t\t<div class=\"elementor-element elementor-element-9794229 elementor-widget elementor-widget-heading\" data-id=\"9794229\" data-element_type=\"widget\" data-e-type=\"widget\" data-widget_type=\"heading.default\">\n\t\t\t\t<div class=\"elementor-widget-container\">\n\t\t\t\t\t<h2 class=\"elementor-heading-title elementor-size-default\">Aexco Guatemala<\/h2>\t\t\t\t<\/div>\n\t\t\t\t<\/div>\n\t\t\t\t\t<\/div>\n\t\t<\/div>\n\t\t\t\t\t<\/div>\n\t\t<\/section>\n\t\t\t\t<section class=\"elementor-section elementor-top-section elementor-element elementor-element-c8925af elementor-section-boxed elementor-section-height-default elementor-section-height-default\" data-id=\"c8925af\" data-element_type=\"section\" data-e-type=\"section\">\n\t\t\t\t\t\t<div class=\"elementor-container elementor-column-gap-default\">\n\t\t\t\t\t<div class=\"elementor-column elementor-col-50 elementor-top-column elementor-element elementor-element-ddc5d59\" data-id=\"ddc5d59\" data-element_type=\"column\" data-e-type=\"column\">\n\t\t\t<div class=\"elementor-widget-wrap elementor-element-populated\">\n\t\t\t\t\t\t<div class=\"elementor-element elementor-element-ebd967d elementor-widget elementor-widget-text-editor\" data-id=\"ebd967d\" data-element_type=\"widget\" data-e-type=\"widget\" data-widget_type=\"text-editor.default\">\n\t\t\t\t<div class=\"elementor-widget-container\">\n\t\t\t\t\t\t\t\t\t<p>Empresa familiar Guatemalteca, fundada en el a\u00f1o 2014, Ricardo, Juan Carlos y Carmen Amparo, Padre e hijos de la familia Flores L\u00f3pez, crean clara y estructuradamente los pasos a seguir para el s\u00f3lido desarrollo comercial, afianzando los lazos de integridad, responsabilidad, honradez y honestidad.<\/p><p>Con la inversi\u00f3n de capital propio se centran las actividades en la fabricaci\u00f3n de equipos de acero inoxidable, sistemas de inyecci\u00f3n y extracci\u00f3n servicio de mantenimiento a equipos, dise\u00f1o de cocinas industriales, como empresa familiar respetamos nuestro c\u00edrculo de calidad basados en la mejora continua.<\/p><p>AEXCO, transita en un ininterrumpido crecimiento que se traduce en el desarrollo de nuevas l\u00edneas de negocios, estando a la vanguardia de las necesidades de las empresas, para garantizar la satisfacci\u00f3n total.<\/p><p>La s\u00f3lida base financiera, junto con una direcci\u00f3n que se caracteriza por su profundo sentido de la responsabilidad, garantiza el futuro de la empresa y la seguridad de los puestos de trabajo.<\/p>\t\t\t\t\t\t\t\t<\/div>\n\t\t\t\t<\/div>\n\t\t\t\t\t<\/div>\n\t\t<\/div>\n\t\t\t\t<div class=\"elementor-column elementor-col-50 elementor-top-column elementor-element elementor-element-07850de\" data-id=\"07850de\" data-element_type=\"column\" data-e-type=\"column\">\n\t\t\t<div class=\"elementor-widget-wrap elementor-element-populated\">\n\t\t\t\t\t\t<div class=\"elementor-element elementor-element-3c0f124 elementor-widget elementor-widget-image\" data-id=\"3c0f124\" data-element_type=\"widget\" data-e-type=\"widget\" data-widget_type=\"image.default\">\n\t\t\t\t<div class=\"elementor-widget-container\">\n\t\t\t\t\t\t\t\t\t\t\t\t\t\t\t<img fetchpriority=\"high\" decoding=\"async\" width=\"640\" height=\"427\" src=\"https:\/\/aexco.com.gt\/a\/wp-content\/uploads\/2020\/11\/DSC_1564-1024x683.jpg\" class=\"attachment-large size-large wp-image-803\" alt=\"\" srcset=\"https:\/\/aexco.com.gt\/a\/wp-content\/uploads\/2020\/11\/DSC_1564-1024x683.jpg 1024w, https:\/\/aexco.com.gt\/a\/wp-content\/uploads\/2020\/11\/DSC_1564-300x200.jpg 300w, https:\/\/aexco.com.gt\/a\/wp-content\/uploads\/2020\/11\/DSC_1564-768x512.jpg 768w, https:\/\/aexco.com.gt\/a\/wp-content\/uploads\/2020\/11\/DSC_1564-1536x1024.jpg 1536w, https:\/\/aexco.com.gt\/a\/wp-content\/uploads\/2020\/11\/DSC_1564-2048x1365.jpg 2048w, https:\/\/aexco.com.gt\/a\/wp-content\/uploads\/2020\/11\/DSC_1564-600x400.jpg 600w\" sizes=\"(max-width: 640px) 100vw, 640px\" \/>\t\t\t\t\t\t\t\t\t\t\t\t\t\t\t<\/div>\n\t\t\t\t<\/div>\n\t\t\t\t<div class=\"elementor-element elementor-element-27752df elementor-widget elementor-widget-spacer\" data-id=\"27752df\" data-element_type=\"widget\" data-e-type=\"widget\" data-widget_type=\"spacer.default\">\n\t\t\t\t<div class=\"elementor-widget-container\">\n\t\t\t\t\t\t\t<div class=\"elementor-spacer\">\n\t\t\t<div class=\"elementor-spacer-inner\"><\/div>\n\t\t<\/div>\n\t\t\t\t\t\t<\/div>\n\t\t\t\t<\/div>\n\t\t\t\t\t<\/div>\n\t\t<\/div>\n\t\t\t\t\t<\/div>\n\t\t<\/section>\n\t\t\t\t<section class=\"elementor-section elementor-top-section elementor-element elementor-element-e1a0158 elementor-section-boxed elementor-section-height-default elementor-section-height-default\" data-id=\"e1a0158\" data-element_type=\"section\" data-e-type=\"section\" data-settings=\"{&quot;background_background&quot;:&quot;classic&quot;}\">\n\t\t\t\t\t\t<div class=\"elementor-container elementor-column-gap-default\">\n\t\t\t\t\t<div class=\"elementor-column elementor-col-33 elementor-top-column elementor-element elementor-element-567c00d\" data-id=\"567c00d\" data-element_type=\"column\" data-e-type=\"column\">\n\t\t\t<div class=\"elementor-widget-wrap elementor-element-populated\">\n\t\t\t\t\t\t<div class=\"elementor-element elementor-element-dc7f183 elementor-widget elementor-widget-tractour-comon-section-title\" data-id=\"dc7f183\" data-element_type=\"widget\" data-e-type=\"widget\" data-widget_type=\"tractour-comon-section-title.default\">\n\t\t\t\t<div class=\"elementor-widget-container\">\n\t\t\t\t\t        \n\t\t<!-- Tractour Section Title Area Stat -->\n        <div class=\"section-title\">\n                        <h2>VISI\u00d3N<\/h2>\n                        <span><img decoding=\"async\" src=\"https:\/\/aexco.com.gt\/a\/wp-content\/uploads\/2020\/11\/vision.png\" ><\/span>\n                        <p>Ser la empresa reconocida a nivel centroamericano por la calidad en la fabricaci\u00f3n y servicio en mobiliario y equipo de acero inoxidable, sistemas de extracci\u00f3n e inyecci\u00f3n, mantenimiento preventivo y correctivo, caracterizada por ofrecer dise\u00f1o exclusivos y con los m\u00e1s altos est\u00e1ndares de calidad, siempre a la vanguardia de los avances tecnol\u00f3gicos y la innovaci\u00f3n.<\/p>\n                    <\/div>\n        <!-- Tractour Section Title Area End -->\n    \n        \t\t\t\t<\/div>\n\t\t\t\t<\/div>\n\t\t\t\t\t<\/div>\n\t\t<\/div>\n\t\t\t\t<div class=\"elementor-column elementor-col-33 elementor-top-column elementor-element elementor-element-b6dfe80\" data-id=\"b6dfe80\" data-element_type=\"column\" data-e-type=\"column\">\n\t\t\t<div class=\"elementor-widget-wrap\">\n\t\t\t\t\t\t\t<\/div>\n\t\t<\/div>\n\t\t\t\t<div class=\"elementor-column elementor-col-33 elementor-top-column elementor-element elementor-element-854ac2c\" data-id=\"854ac2c\" data-element_type=\"column\" data-e-type=\"column\">\n\t\t\t<div class=\"elementor-widget-wrap elementor-element-populated\">\n\t\t\t\t\t\t<div class=\"elementor-element elementor-element-f2df0d4 elementor-widget elementor-widget-tractour-comon-section-title\" data-id=\"f2df0d4\" data-element_type=\"widget\" data-e-type=\"widget\" data-widget_type=\"tractour-comon-section-title.default\">\n\t\t\t\t<div class=\"elementor-widget-container\">\n\t\t\t\t\t        \n\t\t<!-- Tractour Section Title Area Stat -->\n        <div class=\"section-title\">\n                        <h2>MISI\u00d3N<\/h2>\n                        <span><img decoding=\"async\" src=\"https:\/\/aexco.com.gt\/a\/wp-content\/uploads\/2020\/11\/mision.png\" ><\/span>\n                        <p>Somos la empresa que supera la expectativa de nuestros clientes en el mercado de sistemas integrados de mobiliario y equipo en acero inoxidable y otros materiales, ventilaci\u00f3n y extracci\u00f3n.\n\nEl s\u00f3lido desarrollo comercial y la automatizaci\u00f3n de los procesos de producci\u00f3n se funden con la experiencia, creatividad, ingenio y versatilidad que dieron origen a la empresa.<\/p>\n                    <\/div>\n        <!-- Tractour Section Title Area End -->\n    \n        \t\t\t\t<\/div>\n\t\t\t\t<\/div>\n\t\t\t\t\t<\/div>\n\t\t<\/div>\n\t\t\t\t\t<\/div>\n\t\t<\/section>\n\t\t\t\t<section class=\"elementor-section elementor-top-section elementor-element elementor-element-5e53ca0 elementor-section-boxed elementor-section-height-default elementor-section-height-default\" data-id=\"5e53ca0\" data-element_type=\"section\" data-e-type=\"section\">\n\t\t\t\t\t\t<div class=\"elementor-container elementor-column-gap-default\">\n\t\t\t\t\t<div class=\"elementor-column elementor-col-100 elementor-top-column elementor-element elementor-element-f796d6b\" data-id=\"f796d6b\" data-element_type=\"column\" data-e-type=\"column\">\n\t\t\t<div class=\"elementor-widget-wrap elementor-element-populated\">\n\t\t\t\t\t\t<div class=\"elementor-element elementor-element-7e45465 elementor-widget elementor-widget-heading\" data-id=\"7e45465\" data-element_type=\"widget\" data-e-type=\"widget\" data-widget_type=\"heading.default\">\n\t\t\t\t<div class=\"elementor-widget-container\">\n\t\t\t\t\t<h2 class=\"elementor-heading-title elementor-size-default\">Nuestros Proveedores<\/h2>\t\t\t\t<\/div>\n\t\t\t\t<\/div>\n\t\t\t\t\t<\/div>\n\t\t<\/div>\n\t\t\t\t\t<\/div>\n\t\t<\/section>\n\t\t\t\t<section class=\"elementor-section elementor-top-section elementor-element elementor-element-534a446 elementor-section-boxed elementor-section-height-default elementor-section-height-default\" data-id=\"534a446\" data-element_type=\"section\" data-e-type=\"section\">\n\t\t\t\t\t\t<div class=\"elementor-container elementor-column-gap-default\">\n\t\t\t\t\t<div class=\"elementor-column elementor-col-33 elementor-top-column elementor-element elementor-element-b66dfe6\" data-id=\"b66dfe6\" data-element_type=\"column\" data-e-type=\"column\">\n\t\t\t<div class=\"elementor-widget-wrap elementor-element-populated\">\n\t\t\t\t\t\t<div class=\"elementor-element elementor-element-3b0ac71 elementor-widget elementor-widget-tractour-team-wedget\" data-id=\"3b0ac71\" data-element_type=\"widget\" data-e-type=\"widget\" data-widget_type=\"tractour-team-wedget.default\">\n\t\t\t\t<div class=\"elementor-widget-container\">\n\t\t\t\t\t        \n\t\t<!-- team area start -->\n    <div class=\"team-area\">\n\t\n\t\t\t<div class=\"single-team-wraper \">\n                        <div class=\"team-img-wrape\">\n                            <img decoding=\"async\" class=\"img-fluid\" src=\"https:\/\/aexco.com.gt\/a\/wp-content\/uploads\/2020\/11\/greenchj-1.png\" alt=\"team-img\" \/>\n                            <div class=\"member-desig\">\n                                <h4>Greencheck<\/h4>\n                            <\/div>\n                        <\/div>\n                        <div class=\"single-team-content\">\n                            <div class=\"member-title\">\n                                <h3><\/h3>\n                                <a href=\"mailto:www.greenheck.com\">www.greenheck.com<\/a>\n                            <\/div>\n\n                            <div class=\"team-social-hvr\">\n                                <div class=\"member-title2\">\n                                <h3><\/h3>\n                                <a href=\"mailto:www.greenheck.com\">www.greenheck.com<\/a>\n                                <\/div>\n                                <div class=\"team-social-text\">\n                                    <ul class=\"team-social\">\n<li><a href=\"https:\/\/www.facebook.com\/greenheckhvac\"><i class=\"fa fa-facebook\"><\/i><\/a><\/li>\n\n<li><a href=\"https:\/\/www.youtube.com\/user\/GreenheckFan\"><i class=\"fa fa-youtube\"><\/i><\/a><\/li>\n\n<li><a href=\"https:\/\/www.linkedin.com\/company\/greenheck\/\"><i class=\"fa fa-linkedin\"><\/i><\/a><\/li>\n\n                                    <\/ul>\n                                    <p>\u00a0Proveedor l\u00edder de equipos de control y movimiento de aire se utiliza en todo tipo de edificios comerciales, institucionales e industriales en aplicaciones de ventilaci\u00f3n de confort a procesos de fabricaci\u00f3n<\/p>\n                                <\/div>\n                            <\/div>\n            <\/div>\n        <\/div>\n    <\/div>\n    <!-- team area end -->\n    \n        \t\t\t\t<\/div>\n\t\t\t\t<\/div>\n\t\t\t\t\t<\/div>\n\t\t<\/div>\n\t\t\t\t<div class=\"elementor-column elementor-col-33 elementor-top-column elementor-element elementor-element-a0b9608\" data-id=\"a0b9608\" data-element_type=\"column\" data-e-type=\"column\">\n\t\t\t<div class=\"elementor-widget-wrap\">\n\t\t\t\t\t\t\t<\/div>\n\t\t<\/div>\n\t\t\t\t<div class=\"elementor-column elementor-col-33 elementor-top-column elementor-element elementor-element-ad09297\" data-id=\"ad09297\" data-element_type=\"column\" data-e-type=\"column\">\n\t\t\t<div class=\"elementor-widget-wrap elementor-element-populated\">\n\t\t\t\t\t\t<div class=\"elementor-element elementor-element-ec27297 elementor-widget elementor-widget-tractour-team-wedget\" data-id=\"ec27297\" data-element_type=\"widget\" data-e-type=\"widget\" data-widget_type=\"tractour-team-wedget.default\">\n\t\t\t\t<div class=\"elementor-widget-container\">\n\t\t\t\t\t        \n\t\t<!-- team area start -->\n    <div class=\"team-area\">\n\t\n\t\t\t<div class=\"single-team-wraper \">\n                        <div class=\"team-img-wrape\">\n                            <img decoding=\"async\" class=\"img-fluid\" src=\"https:\/\/aexco.com.gt\/a\/wp-content\/uploads\/2020\/11\/ergocomp-1.png\" alt=\"team-img\" \/>\n                            <div class=\"member-desig\">\n                                <h4>Ergocomp<\/h4>\n                            <\/div>\n                        <\/div>\n                        <div class=\"single-team-content\">\n                            <div class=\"member-title\">\n                                <h3><\/h3>\n                                <a href=\"mailto:www.ergocomp.com\">www.ergocomp.com<\/a>\n                            <\/div>\n\n                            <div class=\"team-social-hvr\">\n                                <div class=\"member-title2\">\n                                <h3><\/h3>\n                                <a href=\"mailto:www.ergocomp.com\">www.ergocomp.com<\/a>\n                                <\/div>\n                                <div class=\"team-social-text\">\n                                    <ul class=\"team-social\">\n<li><a href=\"https:\/\/www.facebook.com\/Ergocomp\"><i class=\"fa fa-facebook\"><\/i><\/a><\/li>\n\n<li><a href=\"https:\/\/twitter.com\/ergocompmexico\"><i class=\"fa fa-twitter\"><\/i><\/a><\/li>\n\n<li><a href=\"https:\/\/www.ergocomp.com\/\"><i class=\"fa fa-internet-explorer\"><\/i><\/a><\/li>\n\n                                    <\/ul>\n                                    <p>Fabricantes y distribuidores de componentes para sillas. Calidad y servicio son los valores de la incorporando\u00a0nuevos art\u00edculos en el ramo\u00a0de los componentes y partes para siller\u00eda de oficina y mobiliario.<\/p>\n                                <\/div>\n                            <\/div>\n            <\/div>\n        <\/div>\n    <\/div>\n    <!-- team area end -->\n    \n        \t\t\t\t<\/div>\n\t\t\t\t<\/div>\n\t\t\t\t\t<\/div>\n\t\t<\/div>\n\t\t\t\t\t<\/div>\n\t\t<\/section>\n\t\t\t\t<section class=\"elementor-section elementor-top-section elementor-element elementor-element-df5e8f1 elementor-section-boxed elementor-section-height-default elementor-section-height-default\" data-id=\"df5e8f1\" data-element_type=\"section\" data-e-type=\"section\">\n\t\t\t\t\t\t<div class=\"elementor-container elementor-column-gap-no\">\n\t\t\t\t\t<div class=\"elementor-column elementor-col-100 elementor-top-column elementor-element elementor-element-06be4af\" data-id=\"06be4af\" data-element_type=\"column\" data-e-type=\"column\">\n\t\t\t<div class=\"elementor-widget-wrap elementor-element-populated\">\n\t\t\t\t\t\t<div class=\"elementor-element elementor-element-51372ac elementor-widget elementor-widget-image\" data-id=\"51372ac\" data-element_type=\"widget\" data-e-type=\"widget\" data-widget_type=\"image.default\">\n\t\t\t\t<div class=\"elementor-widget-container\">\n\t\t\t\t\t\t\t\t\t\t\t\t\t\t\t<img decoding=\"async\" width=\"1536\" height=\"581\" src=\"https:\/\/aexco.com.gt\/a\/wp-content\/uploads\/2022\/07\/imagen_101.jpeg\" class=\"attachment-full size-full wp-image-1710\" alt=\"\" srcset=\"https:\/\/aexco.com.gt\/a\/wp-content\/uploads\/2022\/07\/imagen_101.jpeg 1536w, https:\/\/aexco.com.gt\/a\/wp-content\/uploads\/2022\/07\/imagen_101-300x113.jpeg 300w, https:\/\/aexco.com.gt\/a\/wp-content\/uploads\/2022\/07\/imagen_101-1024x387.jpeg 1024w, https:\/\/aexco.com.gt\/a\/wp-content\/uploads\/2022\/07\/imagen_101-768x291.jpeg 768w, https:\/\/aexco.com.gt\/a\/wp-content\/uploads\/2022\/07\/imagen_101-600x227.jpeg 600w\" sizes=\"(max-width: 1536px) 100vw, 1536px\" \/>\t\t\t\t\t\t\t\t\t\t\t\t\t\t\t<\/div>\n\t\t\t\t<\/div>\n\t\t\t\t\t<\/div>\n\t\t<\/div>\n\t\t\t\t\t<\/div>\n\t\t<\/section>\n\t\t\t\t<\/div>\n\t\t","protected":false},"excerpt":{"rendered":"<p>Aexco Guatemala Empresa familiar Guatemalteca, fundada en el a\u00f1o 2014, Ricardo, Juan Carlos y Carmen Amparo, Padre e hijos de la familia Flores L\u00f3pez, crean clara y estructuradamente los pasos a seguir para el s\u00f3lido desarrollo comercial, afianzando los lazos de integridad, responsabilidad, honradez y honestidad. Con la inversi\u00f3n de capital propio se centran las [&hellip;]<\/p>\n","protected":false},"author":1,"featured_media":0,"parent":0,"menu_order":0,"comment_status":"closed","ping_status":"closed","template":"elementor_header_footer","meta":{"om_disable_all_campaigns":false,"_monsterinsights_skip_tracking":false,"_monsterinsights_sitenote_active":false,"_monsterinsights_sitenote_note":"","_monsterinsights_sitenote_category":0,"footnotes":""},"class_list":["post-54","page","type-page","status-publish","hentry"],"aioseo_notices":[],"_links":{"self":[{"href":"https:\/\/aexco.com.gt\/a\/wp-json\/wp\/v2\/pages\/54","targetHints":{"allow":["GET"]}}],"collection":[{"href":"https:\/\/aexco.com.gt\/a\/wp-json\/wp\/v2\/pages"}],"about":[{"href":"https:\/\/aexco.com.gt\/a\/wp-json\/wp\/v2\/types\/page"}],"author":[{"embeddable":true,"href":"https:\/\/aexco.com.gt\/a\/wp-json\/wp\/v2\/users\/1"}],"replies":[{"embeddable":true,"href":"https:\/\/aexco.com.gt\/a\/wp-json\/wp\/v2\/comments?post=54"}],"version-history":[{"count":146,"href":"https:\/\/aexco.com.gt\/a\/wp-json\/wp\/v2\/pages\/54\/revisions"}],"predecessor-version":[{"id":1719,"href":"https:\/\/aexco.com.gt\/a\/wp-json\/wp\/v2\/pages\/54\/revisions\/1719"}],"wp:attachment":[{"href":"https:\/\/aexco.com.gt\/a\/wp-json\/wp\/v2\/media?parent=54"}],"curies":[{"name":"wp","href":"https:\/\/api.w.org\/{rel}","templated":true}]}}